{"id":14843,"date":"2023-03-31T14:46:08","date_gmt":"2023-03-31T12:46:08","guid":{"rendered":"https:\/\/dev.axis-prototypes.com\/materials-and-finishes\/metallization-for-rapid-prototyping\/"},"modified":"2023-12-13T17:43:03","modified_gmt":"2023-12-13T16:43:03","slug":"metallization-for-rapid-prototyping","status":"publish","type":"page","link":"https:\/\/www.axishello.com\/en\/materials-and-finishes\/metallization-for-rapid-prototyping\/","title":{"rendered":"Metallization for rapid prototyping"},"content":{"rendered":"\t\t<div data-elementor-type=\"wp-page\" data-elementor-id=\"14843\" class=\"elementor elementor-14843 elementor-37\" data-elementor-post-type=\"page\">\n\t\t\t\t\t\t<header class=\"elementor-section elementor-top-section elementor-element elementor-element-766d5145 elementor-section-height-min-height elementor-section-content-middle elementor-section-items-stretch elementor-reverse-mobile elementor-section-boxed elementor-section-height-default\" data-id=\"766d5145\" data-element_type=\"section\" data-settings=\"{&quot;background_background&quot;:&quot;classic&quot;}\">\n\t\t\t\t\t\t\t<div class=\"elementor-background-overlay\"><\/div>\n\t\t\t\t\t\t\t<div class=\"elementor-container elementor-column-gap-default\">\n\t\t\t\t\t<div class=\"elementor-column elementor-col-100 elementor-top-column elementor-element elementor-element-3602eee7\" data-id=\"3602eee7\" data-element_type=\"column\">\n\t\t\t<div class=\"elementor-widget-wrap elementor-element-populated\">\n\t\t\t\t\t\t<div class=\"elementor-element elementor-element-5171d5c6 elementor-widget elementor-widget-spacer\" data-id=\"5171d5c6\" data-element_type=\"widget\" data-widget_type=\"spacer.default\">\n\t\t\t\t<div class=\"elementor-widget-container\">\n\t\t\t\t\t\t\t<div class=\"elementor-spacer\">\n\t\t\t<div class=\"elementor-spacer-inner\"><\/div>\n\t\t<\/div>\n\t\t\t\t\t\t<\/div>\n\t\t\t\t<\/div>\n\t\t\t\t<div class=\"elementor-element elementor-element-1a8f5cc5 elementor-widget elementor-widget-heading\" data-id=\"1a8f5cc5\" data-element_type=\"widget\" data-widget_type=\"heading.default\">\n\t\t\t\t<div class=\"elementor-widget-container\">\n\t\t\t\t\t<h1 class=\"elementor-heading-title elementor-size-default\">Metallization<\/h1>\t\t\t\t<\/div>\n\t\t\t\t<\/div>\n\t\t\t\t<div class=\"elementor-element elementor-element-1e4ea614 elementor-widget-divider--view-line elementor-widget elementor-widget-divider\" data-id=\"1e4ea614\" data-element_type=\"widget\" data-widget_type=\"divider.default\">\n\t\t\t\t<div class=\"elementor-widget-container\">\n\t\t\t\t\t\t\t<div class=\"elementor-divider\">\n\t\t\t<span class=\"elementor-divider-separator\">\n\t\t\t\t\t\t<\/span>\n\t\t<\/div>\n\t\t\t\t\t\t<\/div>\n\t\t\t\t<\/div>\n\t\t\t\t\t<\/div>\n\t\t<\/div>\n\t\t\t\t<div class=\"elementor-column elementor-col-100 elementor-top-column elementor-element elementor-element-25a0c967\" data-id=\"25a0c967\" data-element_type=\"column\">\n\t\t\t<div class=\"elementor-widget-wrap elementor-element-populated\">\n\t\t\t\t\t\t\t<\/div>\n\t\t<\/div>\n\t\t\t\t\t<\/div>\n\t\t<\/header>\n\t\t\t\t<section class=\"elementor-section elementor-top-section elementor-element elementor-element-09a0e6b elementor-section-boxed elementor-section-height-default elementor-section-height-default\" data-id=\"09a0e6b\" data-element_type=\"section\">\n\t\t\t\t\t\t<div class=\"elementor-container elementor-column-gap-default\">\n\t\t\t\t\t<div class=\"elementor-column elementor-col-50 elementor-top-column elementor-element elementor-element-5bf0bf0\" data-id=\"5bf0bf0\" data-element_type=\"column\">\n\t\t\t<div class=\"elementor-widget-wrap elementor-element-populated\">\n\t\t\t\t\t\t\t<\/div>\n\t\t<\/div>\n\t\t\t\t<div class=\"elementor-column elementor-col-50 elementor-top-column elementor-element elementor-element-0e74023\" data-id=\"0e74023\" data-element_type=\"column\">\n\t\t\t<div class=\"elementor-widget-wrap elementor-element-populated\">\n\t\t\t\t\t\t<div class=\"elementor-element elementor-element-ec6fd9a elementor-widget elementor-widget-heading\" data-id=\"ec6fd9a\" data-element_type=\"widget\" data-widget_type=\"heading.default\">\n\t\t\t\t<div class=\"elementor-widget-container\">\n\t\t\t\t\t<h2 class=\"elementor-heading-title elementor-size-default\">Metallization for rapid prototyping\n<\/h2>\t\t\t\t<\/div>\n\t\t\t\t<\/div>\n\t\t\t\t<section class=\"elementor-section elementor-inner-section elementor-element elementor-element-010c329 elementor-section-boxed elementor-section-height-default elementor-section-height-default\" data-id=\"010c329\" data-element_type=\"section\">\n\t\t\t\t\t\t<div class=\"elementor-container elementor-column-gap-default\">\n\t\t\t\t\t<div class=\"elementor-column elementor-col-50 elementor-inner-column elementor-element elementor-element-1b9a6bc\" data-id=\"1b9a6bc\" data-element_type=\"column\">\n\t\t\t<div class=\"elementor-widget-wrap elementor-element-populated\">\n\t\t\t\t\t\t<div class=\"elementor-element elementor-element-ce96550 elementor-widget__width-initial elementor-widget elementor-widget-text-editor\" data-id=\"ce96550\" data-element_type=\"widget\" data-widget_type=\"text-editor.default\">\n\t\t\t\t<div class=\"elementor-widget-container\">\n\t\t\t\t\t\t\t\t\tAt Axis, we use the <strong><a href=\"https:\/\/fr.wikipedia.org\/wiki\/Jetmetal\" target=\"_blank\" rel=\"noopener\">Jet<\/a><\/strong> Metal plating process.<br><br>\n\nThe main advantage of this metallization process is its cost-effectiveness. Metallization is much more advantageous than machining, for example, while giving the illusion of a metal part.<br><br>\n\nThis technology is clean because it contains no chromium or VOCs, which is an advantage over other metallization processes. We use environmentally-friendly aqueous solutions, product packaging is adapted to reduce carbon impact, and waste is recycled and reclaimed.\t\t\t\t\t\t\t\t<\/div>\n\t\t\t\t<\/div>\n\t\t\t\t\t<\/div>\n\t\t<\/div>\n\t\t\t\t<div class=\"elementor-column elementor-col-50 elementor-inner-column elementor-element elementor-element-d6c329b\" data-id=\"d6c329b\" data-element_type=\"column\">\n\t\t\t<div class=\"elementor-widget-wrap elementor-element-populated\">\n\t\t\t\t\t\t<div class=\"elementor-element elementor-element-65f519f elementor-widget elementor-widget-video\" data-id=\"65f519f\" data-element_type=\"widget\" data-settings=\"{&quot;video_type&quot;:&quot;hosted&quot;,&quot;controls&quot;:&quot;yes&quot;}\" data-widget_type=\"video.default\">\n\t\t\t\t<div class=\"elementor-widget-container\">\n\t\t\t\t\t\t\t<div class=\"e-hosted-video elementor-wrapper elementor-open-inline\">\n\t\t\t\t\t<video class=\"elementor-video\" src=\"https:\/\/www.axishello.com\/wp-content\/uploads\/2023\/04\/Metallisation-par-le-procede-Jet-Metal-chez-Axis.mp4\" controls=\"\" preload=\"metadata\" controlsList=\"nodownload\"><\/video>\n\t\t\t\t<\/div>\n\t\t\t\t\t\t<\/div>\n\t\t\t\t<\/div>\n\t\t\t\t\t<\/div>\n\t\t<\/div>\n\t\t\t\t\t<\/div>\n\t\t<\/section>\n\t\t\t\t<div class=\"elementor-element elementor-element-6e0a1358 elementor-widget elementor-widget-text-editor\" data-id=\"6e0a1358\" data-element_type=\"widget\" data-widget_type=\"text-editor.default\">\n\t\t\t\t<div class=\"elementor-widget-container\">\n\t\t\t\t\t\t\t\t\t<p>It&#8217;s always good to know that this <strong>plating<\/strong> process is suitable for model building, but for large-scale production it&#8217;s impossible.<\/p>\n\t\t\t\t\t\t\t\t<\/div>\n\t\t\t\t<\/div>\n\t\t\t\t<section class=\"elementor-section elementor-inner-section elementor-element elementor-element-ac1a793 elementor-section-boxed elementor-section-height-default elementor-section-height-default\" data-id=\"ac1a793\" data-element_type=\"section\">\n\t\t\t\t\t\t<div class=\"elementor-container elementor-column-gap-default\">\n\t\t\t\t\t<div class=\"elementor-column elementor-col-100 elementor-inner-column elementor-element elementor-element-1c4f9be\" data-id=\"1c4f9be\" data-element_type=\"column\">\n\t\t\t<div class=\"elementor-widget-wrap elementor-element-populated\">\n\t\t\t\t\t\t<div class=\"elementor-element elementor-element-01f1f2c elementor-widget elementor-widget-text-editor\" data-id=\"01f1f2c\" data-element_type=\"widget\" data-widget_type=\"text-editor.default\">\n\t\t\t\t<div class=\"elementor-widget-container\">\n\t\t\t\t\t\t\t\t\tMetallizing your prototypes is a multi-stage process. First, we have to prepare the model and all surfaces. An activator is deposited on the part, which is then rinsed to allow the metallization to take place.  <br><br>\n\nThen, to fix the metallization and give it its final color, a coat of varnish is applied. This varnish can therefore be colored. We can&#8217;t tell you any more than that, as our own metallization process ensures the most impeccable finish possible thanks to our experience.\n\n<br><br>Several finishes are available:  <\/span>\n<ul>\n \t<li>Gold ;<\/span><\/li>\n \t<li>Silver ;<\/span><\/li>\n \t<li><span style=\"color: #000000;\">Chrome ;<\/span><\/li>\n \t<li>Colored metal (red, blue, &#8230;) ;<\/span><\/li>\n \t<li>Graduated.<\/span><\/li>\n<\/ul>\t\t\t\t\t\t\t\t<\/div>\n\t\t\t\t<\/div>\n\t\t\t\t\t<\/div>\n\t\t<\/div>\n\t\t\t\t\t<\/div>\n\t\t<\/section>\n\t\t\t\t<div class=\"elementor-element elementor-element-8c82535 elementor-arrows-position-inside elementor-pagination-position-outside elementor-widget elementor-widget-image-carousel\" data-id=\"8c82535\" data-element_type=\"widget\" data-settings=\"{&quot;slides_to_show&quot;:&quot;4&quot;,&quot;navigation&quot;:&quot;both&quot;,&quot;autoplay&quot;:&quot;yes&quot;,&quot;pause_on_hover&quot;:&quot;yes&quot;,&quot;pause_on_interaction&quot;:&quot;yes&quot;,&quot;autoplay_speed&quot;:5000,&quot;infinite&quot;:&quot;yes&quot;,&quot;speed&quot;:500}\" data-widget_type=\"image-carousel.default\">\n\t\t\t\t<div class=\"elementor-widget-container\">\n\t\t\t\t\t\t\t<div class=\"elementor-image-carousel-wrapper swiper\" role=\"region\" aria-roledescription=\"carousel\" aria-label=\"Image Carousel\" dir=\"ltr\">\n\t\t\t<div class=\"elementor-image-carousel swiper-wrapper\" aria-live=\"off\">\n\t\t\t\t\t\t\t\t<div class=\"swiper-slide\" role=\"group\" aria-roledescription=\"slide\" aria-label=\"1 of 5\"><a data-elementor-open-lightbox=\"yes\" data-elementor-lightbox-slideshow=\"8c82535\" data-e-action-hash=\"#elementor-action%3Aaction%3Dlightbox%26settings%3DeyJpZCI6MTMzODEsInVybCI6Imh0dHBzOlwvXC93d3cuYXhpc2hlbGxvLmNvbVwvd3AtY29udGVudFwvdXBsb2Fkc1wvMjAyM1wvMDZcLzM1LUF4aXMtU0xBLW91LUhQLW1ldGFsaXNhdGlvbi0zNS1zY2FsZWQuanBnIiwic2xpZGVzaG93IjoiOGM4MjUzNSJ9\" href=\"https:\/\/www.axishello.com\/wp-content\/uploads\/2023\/06\/35-Axis-SLA-ou-HP-metalisation-35-scaled.jpg\"><figure class=\"swiper-slide-inner\"><img decoding=\"async\" class=\"swiper-slide-image\" src=\"https:\/\/www.axishello.com\/wp-content\/uploads\/2023\/06\/35-Axis-SLA-ou-HP-metalisation-35-150x150.jpg\" alt=\"35-Axis-SLA ou HP metalisation-35\" \/><\/figure><\/a><\/div><div class=\"swiper-slide\" role=\"group\" aria-roledescription=\"slide\" aria-label=\"2 of 5\"><a data-elementor-open-lightbox=\"yes\" data-elementor-lightbox-slideshow=\"8c82535\" data-e-action-hash=\"#elementor-action%3Aaction%3Dlightbox%26settings%3DeyJpZCI6MTI1OTYsInVybCI6Imh0dHBzOlwvXC93d3cuYXhpc2hlbGxvLmNvbVwvd3AtY29udGVudFwvdXBsb2Fkc1wvMjAyM1wvMDVcLzE5LUF4aXMtU0xBLW1ldGFsaXNhdGlvbi1hdmVjLWRlZ3JhZGUtMTktc2NhbGVkLmpwZyIsInNsaWRlc2hvdyI6IjhjODI1MzUifQ%3D%3D\" href=\"https:\/\/www.axishello.com\/wp-content\/uploads\/2023\/05\/19-Axis-SLA-metalisation-avec-degrade-19-scaled.jpg\"><figure class=\"swiper-slide-inner\"><img decoding=\"async\" class=\"swiper-slide-image\" src=\"https:\/\/www.axishello.com\/wp-content\/uploads\/2023\/05\/19-Axis-SLA-metalisation-avec-degrade-19-150x150.jpg\" alt=\"Bouteille metalisation avec d\u00e9grad\u00e9 par st\u00e9r\u00e9olithographie\" \/><\/figure><\/a><\/div><div class=\"swiper-slide\" role=\"group\" aria-roledescription=\"slide\" aria-label=\"3 of 5\"><a data-elementor-open-lightbox=\"yes\" data-elementor-lightbox-slideshow=\"8c82535\" data-e-action-hash=\"#elementor-action%3Aaction%3Dlightbox%26settings%3DeyJpZCI6MTI1NzYsInVybCI6Imh0dHBzOlwvXC93d3cuYXhpc2hlbGxvLmNvbVwvd3AtY29udGVudFwvdXBsb2Fkc1wvMjAyM1wvMDVcLzExLUF4aXMtc2xhLW1ldGFsaXNlLWNvdXBlLWR1LW1vbmRlLTExLXNjYWxlZC5qcGciLCJzbGlkZXNob3ciOiI4YzgyNTM1In0%3D\" href=\"https:\/\/www.axishello.com\/wp-content\/uploads\/2023\/05\/11-Axis-sla-metalise-coupe-du-monde-11-scaled.jpg\"><figure class=\"swiper-slide-inner\"><img decoding=\"async\" class=\"swiper-slide-image\" src=\"https:\/\/www.axishello.com\/wp-content\/uploads\/2023\/05\/11-Axis-sla-metalise-coupe-du-monde-11-150x150.jpg\" alt=\"coupe du monde m\u00e9talis\u00e9e par st\u00e9r\u00e9olithographie\" \/><\/figure><\/a><\/div><div class=\"swiper-slide\" role=\"group\" aria-roledescription=\"slide\" aria-label=\"4 of 5\"><a data-elementor-open-lightbox=\"yes\" data-elementor-lightbox-slideshow=\"8c82535\" data-e-action-hash=\"#elementor-action%3Aaction%3Dlightbox%26settings%3DeyJpZCI6MTM0MDUsInVybCI6Imh0dHBzOlwvXC93d3cuYXhpc2hlbGxvLmNvbVwvd3AtY29udGVudFwvdXBsb2Fkc1wvMjAyM1wvMDZcLzIwMjMwNjIxXzE0MjA1MS1zY2FsZWQuanBnIiwic2xpZGVzaG93IjoiOGM4MjUzNSJ9\" href=\"https:\/\/www.axishello.com\/wp-content\/uploads\/2023\/06\/20230621_142051-scaled.jpg\"><figure class=\"swiper-slide-inner\"><img decoding=\"async\" class=\"swiper-slide-image\" src=\"https:\/\/www.axishello.com\/wp-content\/uploads\/2023\/06\/20230621_142051-150x150.jpg\" alt=\"Objet r\u00e9alis\u00e9 avec m\u00e9tallisation pour le prototypage rapide\" \/><\/figure><\/a><\/div><div class=\"swiper-slide\" role=\"group\" aria-roledescription=\"slide\" aria-label=\"5 of 5\"><a data-elementor-open-lightbox=\"yes\" data-elementor-lightbox-slideshow=\"8c82535\" data-e-action-hash=\"#elementor-action%3Aaction%3Dlightbox%26settings%3DeyJpZCI6MTEzNjQsInVybCI6Imh0dHBzOlwvXC93d3cuYXhpc2hlbGxvLmNvbVwvd3AtY29udGVudFwvdXBsb2Fkc1wvMjAyM1wvMDRcL0RTQzAyNTQ2LTEtbWluLTEtZTE2NDY3NTgzMDk2MDguanBlZyIsInNsaWRlc2hvdyI6IjhjODI1MzUifQ%3D%3D\" href=\"https:\/\/www.axishello.com\/wp-content\/uploads\/2023\/04\/DSC02546-1-min-1-e1646758309608.jpeg\"><figure class=\"swiper-slide-inner\"><img decoding=\"async\" class=\"swiper-slide-image\" src=\"https:\/\/www.axishello.com\/wp-content\/uploads\/2023\/04\/DSC02546-1-min-1-e1646758309608-150x150.jpeg\" alt=\"m\u00e9tallisation pour le prototypage rapide\" \/><\/figure><\/a><\/div>\t\t\t<\/div>\n\t\t\t\t\t\t\t\t\t\t\t\t<div class=\"elementor-swiper-button elementor-swiper-button-prev\" role=\"button\" tabindex=\"0\">\n\t\t\t\t\t\t<i aria-hidden=\"true\" class=\"eicon-chevron-left\"><\/i>\t\t\t\t\t<\/div>\n\t\t\t\t\t<div class=\"elementor-swiper-button elementor-swiper-button-next\" role=\"button\" tabindex=\"0\">\n\t\t\t\t\t\t<i aria-hidden=\"true\" class=\"eicon-chevron-right\"><\/i>\t\t\t\t\t<\/div>\n\t\t\t\t\n\t\t\t\t\t\t\t\t\t<div class=\"swiper-pagination\"><\/div>\n\t\t\t\t\t\t\t\t\t<\/div>\n\t\t\t\t\t\t<\/div>\n\t\t\t\t<\/div>\n\t\t\t\t<div class=\"elementor-element elementor-element-7fa8384 elementor-widget elementor-widget-text-editor\" data-id=\"7fa8384\" data-element_type=\"widget\" data-widget_type=\"text-editor.default\">\n\t\t\t\t<div class=\"elementor-widget-container\">\n\t\t\t\t\t\t\t\t\t<section class=\"elementor-section elementor-top-section elementor-element elementor-element-5d224c2 elementor-section-boxed elementor-section-height-default elementor-section-height-default\" data-id=\"5d224c2\" data-element_type=\"section\">\n<div class=\"elementor-container elementor-column-gap-default\">\n<div class=\"elementor-column elementor-col-100 elementor-top-column elementor-element elementor-element-4b595c4\" data-id=\"4b595c4\" data-element_type=\"column\">\n<div class=\"elementor-widget-wrap elementor-element-populated\">\n<div class=\"elementor-element elementor-element-189d421 elementor-widget elementor-widget-text-editor\" data-id=\"189d421\" data-element_type=\"widget\" data-widget_type=\"text-editor.default\">\n<div class=\"elementor-widget-container\">\n<p>To find out more about our other additive manufacturing production resources, please visit our <a style=\"background-color: #ffffff;\" href=\"https:\/\/www.axishello.com\/en\/our-technologies\/metal-sintering-dlms-lms\/\" target=\"_blank\" rel=\"noopener\"><b>our machines page.<\/b><\/a><\/p>\n<p>Need a quote or information on rapid prototyping?<\/p>\n<p>Ask us for a <a href=\"https:\/\/www.axishello.com\/en\/contact-our-experts\/\"><b>quick quote<\/b><\/a> or call us on <a href=\"tel:+33555061717\"><b>+33 (0)5 55 06 17 17<\/b><\/a><\/p>\n<\/div>\n<\/div>\n<\/div>\n<\/div>\n<\/div>\n<\/section>\n\t\t\t\t\t\t\t\t<\/div>\n\t\t\t\t<\/div>\n\t\t\t\t<div class=\"elementor-element elementor-element-8f5ca45 elementor-widget elementor-widget-spacer\" data-id=\"8f5ca45\" data-element_type=\"widget\" data-widget_type=\"spacer.default\">\n\t\t\t\t<div class=\"elementor-widget-container\">\n\t\t\t\t\t\t\t<div class=\"elementor-spacer\">\n\t\t\t<div class=\"elementor-spacer-inner\"><\/div>\n\t\t<\/div>\n\t\t\t\t\t\t<\/div>\n\t\t\t\t<\/div>\n\t\t\t\t\t<\/div>\n\t\t<\/div>\n\t\t\t\t\t<\/div>\n\t\t<\/section>\n\t\t\t\t<\/div>\n\t\t","protected":false},"excerpt":{"rendered":"<p>Metallization Metallization for rapid prototyping At Axis, we use the Jet Metal plating process. The main advantage of this metallization process is its cost-effectiveness. Metallization is much more advantageous than machining, for example, while giving the illusion of a metal part. This technology is clean because it contains no chromium or VOCs, which is an [&hellip;]<\/p>\n","protected":false},"author":8,"featured_media":0,"parent":14766,"menu_order":2,"comment_status":"closed","ping_status":"closed","template":"elementor_canvas","meta":{"footnotes":""},"class_list":["post-14843","page","type-page","status-publish","hentry"],"_links":{"self":[{"href":"https:\/\/www.axishello.com\/en\/wp-json\/wp\/v2\/pages\/14843","targetHints":{"allow":["GET"]}}],"collection":[{"href":"https:\/\/www.axishello.com\/en\/wp-json\/wp\/v2\/pages"}],"about":[{"href":"https:\/\/www.axishello.com\/en\/wp-json\/wp\/v2\/types\/page"}],"author":[{"embeddable":true,"href":"https:\/\/www.axishello.com\/en\/wp-json\/wp\/v2\/users\/8"}],"replies":[{"embeddable":true,"href":"https:\/\/www.axishello.com\/en\/wp-json\/wp\/v2\/comments?post=14843"}],"version-history":[{"count":5,"href":"https:\/\/www.axishello.com\/en\/wp-json\/wp\/v2\/pages\/14843\/revisions"}],"predecessor-version":[{"id":20521,"href":"https:\/\/www.axishello.com\/en\/wp-json\/wp\/v2\/pages\/14843\/revisions\/20521"}],"up":[{"embeddable":true,"href":"https:\/\/www.axishello.com\/en\/wp-json\/wp\/v2\/pages\/14766"}],"wp:attachment":[{"href":"https:\/\/www.axishello.com\/en\/wp-json\/wp\/v2\/media?parent=14843"}],"curies":[{"name":"wp","href":"https:\/\/api.w.org\/{rel}","templated":true}]}}