{"id":14892,"date":"2023-03-31T14:46:04","date_gmt":"2023-03-31T12:46:04","guid":{"rendered":"https:\/\/dev.axis-prototypes.com\/materialien-und-ausfuehrungen\/endbearbeitungen-fuer-die-schnelle-herstellung-von-prototypen\/"},"modified":"2023-12-13T17:53:02","modified_gmt":"2023-12-13T16:53:02","slug":"endbearbeitungen-fuer-die-schnelle-herstellung-von-prototypen","status":"publish","type":"page","link":"https:\/\/www.axishello.com\/de\/materialien-und-ausfuehrungen\/endbearbeitungen-fuer-die-schnelle-herstellung-von-prototypen\/","title":{"rendered":"Endbearbeitungen f\u00fcr die schnelle Herstellung von Prototypen"},"content":{"rendered":"\t\t<div data-elementor-type=\"wp-page\" data-elementor-id=\"14892\" class=\"elementor elementor-14892 elementor-36\" data-elementor-post-type=\"page\">\n\t\t\t\t\t\t<header class=\"elementor-section elementor-top-section elementor-element elementor-element-6441cb90 elementor-section-height-min-height elementor-section-content-middle elementor-section-items-stretch elementor-reverse-mobile elementor-section-boxed elementor-section-height-default\" data-id=\"6441cb90\" data-element_type=\"section\" data-settings=\"{&quot;background_background&quot;:&quot;classic&quot;}\">\n\t\t\t\t\t\t\t<div class=\"elementor-background-overlay\"><\/div>\n\t\t\t\t\t\t\t<div class=\"elementor-container elementor-column-gap-default\">\n\t\t\t\t\t<div class=\"elementor-column elementor-col-100 elementor-top-column elementor-element elementor-element-2cdde8b7\" data-id=\"2cdde8b7\" data-element_type=\"column\">\n\t\t\t<div class=\"elementor-widget-wrap elementor-element-populated\">\n\t\t\t\t\t\t<div class=\"elementor-element elementor-element-29500f13 elementor-widget elementor-widget-spacer\" data-id=\"29500f13\" data-element_type=\"widget\" data-widget_type=\"spacer.default\">\n\t\t\t\t<div class=\"elementor-widget-container\">\n\t\t\t\t\t\t\t<div class=\"elementor-spacer\">\n\t\t\t<div class=\"elementor-spacer-inner\"><\/div>\n\t\t<\/div>\n\t\t\t\t\t\t<\/div>\n\t\t\t\t<\/div>\n\t\t\t\t<div class=\"elementor-element elementor-element-5446fe0e elementor-widget elementor-widget-heading\" data-id=\"5446fe0e\" data-element_type=\"widget\" data-widget_type=\"heading.default\">\n\t\t\t\t<div class=\"elementor-widget-container\">\n\t\t\t\t\t<h1 class=\"elementor-heading-title elementor-size-default\">Die Abschl\u00fcsse<\/h1>\t\t\t\t<\/div>\n\t\t\t\t<\/div>\n\t\t\t\t<div class=\"elementor-element elementor-element-4ee32422 elementor-widget-divider--view-line elementor-widget elementor-widget-divider\" data-id=\"4ee32422\" data-element_type=\"widget\" data-widget_type=\"divider.default\">\n\t\t\t\t<div class=\"elementor-widget-container\">\n\t\t\t\t\t\t\t<div class=\"elementor-divider\">\n\t\t\t<span class=\"elementor-divider-separator\">\n\t\t\t\t\t\t<\/span>\n\t\t<\/div>\n\t\t\t\t\t\t<\/div>\n\t\t\t\t<\/div>\n\t\t\t\t\t<\/div>\n\t\t<\/div>\n\t\t\t\t<div class=\"elementor-column elementor-col-100 elementor-top-column elementor-element elementor-element-9a3cc60\" data-id=\"9a3cc60\" data-element_type=\"column\">\n\t\t\t<div class=\"elementor-widget-wrap elementor-element-populated\">\n\t\t\t\t\t\t\t<\/div>\n\t\t<\/div>\n\t\t\t\t\t<\/div>\n\t\t<\/header>\n\t\t\t\t<section class=\"elementor-section elementor-top-section elementor-element elementor-element-7dcc637d elementor-section-boxed elementor-section-height-default elementor-section-height-default\" data-id=\"7dcc637d\" data-element_type=\"section\" data-settings=\"{&quot;background_background&quot;:&quot;classic&quot;}\">\n\t\t\t\t\t\t<div class=\"elementor-container elementor-column-gap-default\">\n\t\t\t\t\t<div class=\"elementor-column elementor-col-100 elementor-top-column elementor-element elementor-element-69d1a12d\" data-id=\"69d1a12d\" data-element_type=\"column\">\n\t\t\t<div class=\"elementor-widget-wrap elementor-element-populated\">\n\t\t\t\t\t\t<div class=\"elementor-element elementor-element-76ba206d elementor-widget elementor-widget-heading\" data-id=\"76ba206d\" data-element_type=\"widget\" data-widget_type=\"heading.default\">\n\t\t\t\t<div class=\"elementor-widget-container\">\n\t\t\t\t\t<h2 class=\"elementor-heading-title elementor-size-default\">Endbearbeitungen f\u00fcr die schnelle Herstellung von Prototypen\n<\/h2>\t\t\t\t<\/div>\n\t\t\t\t<\/div>\n\t\t\t\t<div class=\"elementor-element elementor-element-4bf9a002 elementor-widget elementor-widget-text-editor\" data-id=\"4bf9a002\" data-element_type=\"widget\" data-widget_type=\"text-editor.default\">\n\t\t\t\t<div class=\"elementor-widget-container\">\n\t\t\t\t\t\t\t\t\t<section class=\"elementor-section elementor-top-section elementor-element elementor-element-f49c280 elementor-section-boxed elementor-section-height-default elementor-section-height-default\" data-id=\"f49c280\" data-element_type=\"section\">\n<div class=\"elementor-container elementor-column-gap-default\">\n<div class=\"elementor-column elementor-col-100 elementor-top-column elementor-element elementor-element-57142cc\" data-id=\"57142cc\" data-element_type=\"column\">\n<div class=\"elementor-widget-wrap elementor-element-populated\">\n<div class=\"elementor-element elementor-element-7546ad1 elementor-widget elementor-widget-text-editor\" data-id=\"7546ad1\" data-element_type=\"widget\" data-widget_type=\"text-editor.default\">\n<div class=\"elementor-widget-container\">\n<p>Zun\u00e4chst einmal wird die Endbearbeitung f\u00fcr ein Modell oder einen Prototypen nicht dieselbe sein, da die beiden Objekte f\u00fcr einen unterschiedlichen Zweck hergestellt werden:<\/p>\n<p>Ein Modell ist die Darstellung eines Objekts, das getestet und validiert werden soll, um m\u00f6gliche Fehler zu erkennen, aber auch um es zu verbessern. Sie muss nicht unbedingt lebensgro\u00df sein. W\u00e4hrend der Prototyp alle technischen Eigenschaften und alle Funktionsmerkmale eines neuen Produkts besitzt. Er stellt ihre Funktionalit\u00e4t und Durchf\u00fchrbarkeit sicher.<\/p>\n<\/div>\n<\/div>\n<\/div>\n<\/div>\n<\/div>\n<\/section>\n<section class=\"elementor-section elementor-top-section elementor-element elementor-element-a565acf elementor-section-boxed elementor-section-height-default elementor-section-height-default\" data-id=\"a565acf\" data-element_type=\"section\">\n<div class=\"elementor-container elementor-column-gap-default\">\n<div class=\"elementor-column elementor-col-100 elementor-top-column elementor-element elementor-element-e40f3a6\" data-id=\"e40f3a6\" data-element_type=\"column\">\n<div class=\"elementor-widget-wrap elementor-element-populated\">\n<div class=\"elementor-element elementor-element-72b44d5 elementor-widget elementor-widget-image\" data-id=\"72b44d5\" data-element_type=\"widget\" data-widget_type=\"image.default\"> <\/div>\n<\/div>\n<\/div>\n<\/div>\n<\/section>\n\t\t\t\t\t\t\t\t<\/div>\n\t\t\t\t<\/div>\n\t\t\t\t<div class=\"elementor-element elementor-element-2921599c elementor-widget elementor-widget-image\" data-id=\"2921599c\" data-element_type=\"widget\" data-widget_type=\"image.default\">\n\t\t\t\t<div class=\"elementor-widget-container\">\n\t\t\t\t\t\t\t\t\t\t\t\t\t\t\t<img fetchpriority=\"high\" decoding=\"async\" width=\"768\" height=\"415\" src=\"https:\/\/www.axishello.com\/wp-content\/uploads\/2023\/06\/14-Axis-MJF-HP-peint-et-assemble-14-horizontal-MAJ-2-768x415.jpg\" class=\"attachment-medium_large size-medium_large wp-image-13221\" alt=\"Objet peint et assembl\u00e9, avec finitions pour le prototypage\" srcset=\"https:\/\/www.axishello.com\/wp-content\/uploads\/2023\/06\/14-Axis-MJF-HP-peint-et-assemble-14-horizontal-MAJ-2-768x415.jpg 768w, https:\/\/www.axishello.com\/wp-content\/uploads\/2023\/06\/14-Axis-MJF-HP-peint-et-assemble-14-horizontal-MAJ-2-300x162.jpg 300w, https:\/\/www.axishello.com\/wp-content\/uploads\/2023\/06\/14-Axis-MJF-HP-peint-et-assemble-14-horizontal-MAJ-2-1024x554.jpg 1024w\" sizes=\"(max-width: 768px) 100vw, 768px\" \/>\t\t\t\t\t\t\t\t\t\t\t\t\t\t\t<\/div>\n\t\t\t\t<\/div>\n\t\t\t\t<div class=\"elementor-element elementor-element-565097f7 elementor-widget-divider--view-line elementor-widget elementor-widget-divider\" data-id=\"565097f7\" data-element_type=\"widget\" data-widget_type=\"divider.default\">\n\t\t\t\t<div class=\"elementor-widget-container\">\n\t\t\t\t\t\t\t<div class=\"elementor-divider\">\n\t\t\t<span class=\"elementor-divider-separator\">\n\t\t\t\t\t\t<\/span>\n\t\t<\/div>\n\t\t\t\t\t\t<\/div>\n\t\t\t\t<\/div>\n\t\t\t\t\t<\/div>\n\t\t<\/div>\n\t\t\t\t\t<\/div>\n\t\t<\/section>\n\t\t\t\t<section class=\"elementor-section elementor-top-section elementor-element elementor-element-20fe389 elementor-section-boxed elementor-section-height-default elementor-section-height-default\" data-id=\"20fe389\" data-element_type=\"section\" data-settings=\"{&quot;background_background&quot;:&quot;classic&quot;}\">\n\t\t\t\t\t\t<div class=\"elementor-container elementor-column-gap-default\">\n\t\t\t\t\t<div class=\"elementor-column elementor-col-100 elementor-top-column elementor-element elementor-element-5d2c6e0b\" data-id=\"5d2c6e0b\" data-element_type=\"column\">\n\t\t\t<div class=\"elementor-widget-wrap elementor-element-populated\">\n\t\t\t\t\t\t<section class=\"elementor-section elementor-inner-section elementor-element elementor-element-216c05a3 elementor-reverse-tablet elementor-reverse-mobile elementor-section-boxed elementor-section-height-default elementor-section-height-default\" data-id=\"216c05a3\" data-element_type=\"section\" data-settings=\"{&quot;background_background&quot;:&quot;classic&quot;}\">\n\t\t\t\t\t\t<div class=\"elementor-container elementor-column-gap-default\">\n\t\t\t\t\t<div class=\"elementor-column elementor-col-50 elementor-inner-column elementor-element elementor-element-65210da8\" data-id=\"65210da8\" data-element_type=\"column\">\n\t\t\t<div class=\"elementor-widget-wrap elementor-element-populated\">\n\t\t\t\t\t\t\t<\/div>\n\t\t<\/div>\n\t\t\t\t<div class=\"elementor-column elementor-col-50 elementor-inner-column elementor-element elementor-element-124eadfc\" data-id=\"124eadfc\" data-element_type=\"column\">\n\t\t\t<div class=\"elementor-widget-wrap elementor-element-populated\">\n\t\t\t\t\t\t<div class=\"elementor-element elementor-element-27f012de elementor-widget elementor-widget-heading\" data-id=\"27f012de\" data-element_type=\"widget\" data-widget_type=\"heading.default\">\n\t\t\t\t<div class=\"elementor-widget-container\">\n\t\t\t\t\t<h2 class=\"elementor-heading-title elementor-size-default\">In unserem Unternehmen f\u00fcr Prototypenbau verf\u00fcgen wir \u00fcber :\n<\/h2>\t\t\t\t<\/div>\n\t\t\t\t<\/div>\n\t\t\t\t<div class=\"elementor-element elementor-element-3c2a630d elementor-widget-divider--view-line elementor-widget elementor-widget-divider\" data-id=\"3c2a630d\" data-element_type=\"widget\" data-widget_type=\"divider.default\">\n\t\t\t\t<div class=\"elementor-widget-container\">\n\t\t\t\t\t\t\t<div class=\"elementor-divider\">\n\t\t\t<span class=\"elementor-divider-separator\">\n\t\t\t\t\t\t<\/span>\n\t\t<\/div>\n\t\t\t\t\t\t<\/div>\n\t\t\t\t<\/div>\n\t\t\t\t<div class=\"elementor-element elementor-element-66a611f6 elementor-widget elementor-widget-text-editor\" data-id=\"66a611f6\" data-element_type=\"widget\" data-widget_type=\"text-editor.default\">\n\t\t\t\t<div class=\"elementor-widget-container\">\n\t\t\t\t\t\t\t\t\t<ul>\n<li>CAD-Stationen, um Ihre Dateien in den g\u00e4ngigsten Formen zu bearbeiten (.STEP, .STL, .IGES, Catia, TopSolid, Rhinoc\u00e9ros, &#8230;) ;<\/li>\n<li>PA Pulver-Sintermaschinen, PA Glasgef\u00fcllt oder PA HST ;<\/li>\n<li>Multi Jet Fusion Maschine PA12 ;<\/li>\n<li>Stereolithografie-Maschinen (Accura 25, Clearvue, HPC Perform, Taurus, Xtreme, RR60Wh, AMX Black, Prototherm) ;<\/li>\n<li>Workshop zur Herstellung von Silikonformen f\u00fcr das Vakuumgie\u00dfen ;<\/li>\n<li>Duplikatswerkstatt ;<\/li>\n<li>Werkstatt f\u00fcr die Endbearbeitung von Teilen ;<\/li>\n<li>Lackier- und Grundierungskabinen.<\/li>\n<\/ul>\n\t\t\t\t\t\t\t\t<\/div>\n\t\t\t\t<\/div>\n\t\t\t\t\t<\/div>\n\t\t<\/div>\n\t\t\t\t\t<\/div>\n\t\t<\/section>\n\t\t\t\t\t<\/div>\n\t\t<\/div>\n\t\t\t\t\t<\/div>\n\t\t<\/section>\n\t\t\t\t<section class=\"elementor-section elementor-top-section elementor-element elementor-element-5cb108f8 elementor-section-boxed elementor-section-height-default elementor-section-height-default\" data-id=\"5cb108f8\" data-element_type=\"section\">\n\t\t\t\t\t\t<div class=\"elementor-container elementor-column-gap-default\">\n\t\t\t\t\t<div class=\"elementor-column elementor-col-100 elementor-top-column elementor-element elementor-element-595abfad\" data-id=\"595abfad\" data-element_type=\"column\">\n\t\t\t<div class=\"elementor-widget-wrap elementor-element-populated\">\n\t\t\t\t\t\t<section class=\"elementor-section elementor-inner-section elementor-element elementor-element-11f4889f elementor-reverse-tablet elementor-reverse-mobile elementor-section-boxed elementor-section-height-default elementor-section-height-default\" data-id=\"11f4889f\" data-element_type=\"section\" data-settings=\"{&quot;background_background&quot;:&quot;classic&quot;}\">\n\t\t\t\t\t\t<div class=\"elementor-container elementor-column-gap-default\">\n\t\t\t\t\t<div class=\"elementor-column elementor-col-50 elementor-inner-column elementor-element elementor-element-2e0700f\" data-id=\"2e0700f\" data-element_type=\"column\">\n\t\t\t<div class=\"elementor-widget-wrap elementor-element-populated\">\n\t\t\t\t\t\t\t<\/div>\n\t\t<\/div>\n\t\t\t\t<div class=\"elementor-column elementor-col-50 elementor-inner-column elementor-element elementor-element-7740a13c\" data-id=\"7740a13c\" data-element_type=\"column\">\n\t\t\t<div class=\"elementor-widget-wrap elementor-element-populated\">\n\t\t\t\t\t\t<div class=\"elementor-element elementor-element-6c328c1 elementor-widget elementor-widget-heading\" data-id=\"6c328c1\" data-element_type=\"widget\" data-widget_type=\"heading.default\">\n\t\t\t\t<div class=\"elementor-widget-container\">\n\t\t\t\t\t<h2 class=\"elementor-heading-title elementor-size-default\">Aus diesem Grund k\u00f6nnen wir Ihnen verschiedene Ausf\u00fchrungen anbieten:<\/h2>\t\t\t\t<\/div>\n\t\t\t\t<\/div>\n\t\t\t\t<div class=\"elementor-element elementor-element-6ab45e63 elementor-widget-divider--view-line elementor-widget elementor-widget-divider\" data-id=\"6ab45e63\" data-element_type=\"widget\" data-widget_type=\"divider.default\">\n\t\t\t\t<div class=\"elementor-widget-container\">\n\t\t\t\t\t\t\t<div class=\"elementor-divider\">\n\t\t\t<span class=\"elementor-divider-separator\">\n\t\t\t\t\t\t<\/span>\n\t\t<\/div>\n\t\t\t\t\t\t<\/div>\n\t\t\t\t<\/div>\n\t\t\t\t\t<\/div>\n\t\t<\/div>\n\t\t\t\t\t<\/div>\n\t\t<\/section>\n\t\t\t\t<section class=\"elementor-section elementor-inner-section elementor-element elementor-element-68c12ee elementor-section-boxed elementor-section-height-default elementor-section-height-default\" data-id=\"68c12ee\" data-element_type=\"section\">\n\t\t\t\t\t\t<div class=\"elementor-container elementor-column-gap-default\">\n\t\t\t\t\t<div class=\"elementor-column elementor-col-50 elementor-inner-column elementor-element elementor-element-5df6012\" data-id=\"5df6012\" data-element_type=\"column\">\n\t\t\t<div class=\"elementor-widget-wrap elementor-element-populated\">\n\t\t\t\t\t\t<div class=\"elementor-element elementor-element-497f9e6 elementor-widget elementor-widget-video\" data-id=\"497f9e6\" data-element_type=\"widget\" data-settings=\"{&quot;video_type&quot;:&quot;hosted&quot;,&quot;controls&quot;:&quot;yes&quot;}\" data-widget_type=\"video.default\">\n\t\t\t\t<div class=\"elementor-widget-container\">\n\t\t\t\t\t\t\t<div class=\"e-hosted-video elementor-wrapper elementor-open-inline\">\n\t\t\t\t\t<video class=\"elementor-video\" src=\"https:\/\/www.axishello.com\/wp-content\/uploads\/2023\/08\/axis-finitions-v3.mp4\" controls=\"\" preload=\"metadata\" controlsList=\"nodownload\"><\/video>\n\t\t\t\t<\/div>\n\t\t\t\t\t\t<\/div>\n\t\t\t\t<\/div>\n\t\t\t\t\t<\/div>\n\t\t<\/div>\n\t\t\t\t<div class=\"elementor-column elementor-col-50 elementor-inner-column elementor-element elementor-element-c91bfbe\" data-id=\"c91bfbe\" data-element_type=\"column\">\n\t\t\t<div class=\"elementor-widget-wrap elementor-element-populated\">\n\t\t\t\t\t\t<div class=\"elementor-element elementor-element-5da5a3c elementor-widget elementor-widget-text-editor\" data-id=\"5da5a3c\" data-element_type=\"widget\" data-widget_type=\"text-editor.default\">\n\t\t\t\t<div class=\"elementor-widget-container\">\n\t\t\t\t\t\t\t\t\t<ul>\n<li>Schleifen, Sandstrahlen ;<\/li>\n<li>Anstrich nach <a href=\"https:\/\/www.couleursral.fr\/\" target=\"_blank\" rel=\"noopener\">RAL<\/a>, <a href=\"https:\/\/www.pantone.com\/eu\/fr\/\" target=\"_blank\" rel=\"noopener\">Pantone<\/a>, <a href=\"https:\/\/ncscolour.com\/\" target=\"_blank\" rel=\"noopener\">NCS<\/a> oder einem Muster f\u00fcr eine gl\u00e4nzende, matte oder seidenmatte Oberfl\u00e4che;<\/li>\n<li>F\u00e4rben \/ Impr\u00e4gnieren ;<\/li>\n<li>Grain ;<\/li>\n<li>Lack f\u00fcr die Transparenz von Teilen in Stereolithographie \u00fcber Clearvue Harz ;<\/li>\n<li>Fertig zum Streichen oder grundiert ;<\/li>\n<li>Metallisierung mit dem Jet-Metall-Verfahren (vergoldet, versilbert, verchromt, abgestuft, gef\u00e4rbt) und Vorbereitung auf die Metallisierung. Um mehr \u00fcber diese Technologie zu erfahren, besuchen Sie unsere <strong><a href=\"https:\/\/www.axishello.com\/de\/materialien-und-ausfuehrungen\/metallisierung-fuer-die-schnelle-herstellung-von-prototypen\/\">Seite \u00fcber Metallisierung<\/a>;<\/strong><\/li>\n<li>W\u00e4rmebehandlung ;<\/li>\n<li>Einsetzen von Transfers, Eins\u00e4tzen oder anderen Komponenten ;<\/li>\n<li>Herstellung von Scharnieren ;<\/li>\n<li>Zusammenf\u00fcgen von mehreren Teilen, die sp\u00e4ter ein einziges Teil bilden.<\/li>\n<\/ul>\n\t\t\t\t\t\t\t\t<\/div>\n\t\t\t\t<\/div>\n\t\t\t\t\t<\/div>\n\t\t<\/div>\n\t\t\t\t\t<\/div>\n\t\t<\/section>\n\t\t\t\t\t<\/div>\n\t\t<\/div>\n\t\t\t\t\t<\/div>\n\t\t<\/section>\n\t\t\t\t<section class=\"elementor-section elementor-top-section elementor-element elementor-element-8ba2e15 elementor-section-boxed elementor-section-height-default elementor-section-height-default\" data-id=\"8ba2e15\" data-element_type=\"section\">\n\t\t\t\t\t\t<div class=\"elementor-container elementor-column-gap-default\">\n\t\t\t\t\t<div class=\"elementor-column elementor-col-100 elementor-top-column elementor-element elementor-element-8ac4c4c\" data-id=\"8ac4c4c\" data-element_type=\"column\">\n\t\t\t<div class=\"elementor-widget-wrap elementor-element-populated\">\n\t\t\t\t\t\t<div class=\"elementor-element elementor-element-ac05134 elementor-widget elementor-widget-text-editor\" data-id=\"ac05134\" data-element_type=\"widget\" data-widget_type=\"text-editor.default\">\n\t\t\t\t<div class=\"elementor-widget-container\">\n\t\t\t\t\t\t\t\t\t<section class=\"elementor-section elementor-top-section elementor-element elementor-element-5b1e2a3 elementor-section-boxed elementor-section-height-default elementor-section-height-default\" data-id=\"5b1e2a3\" data-element_type=\"section\">\n<div class=\"elementor-container elementor-column-gap-default\">\n<div class=\"elementor-column elementor-col-100 elementor-top-column elementor-element elementor-element-e65932e\" data-id=\"e65932e\" data-element_type=\"column\">\n<div class=\"elementor-widget-wrap elementor-element-populated\">\n<div class=\"elementor-element elementor-element-8c74466 elementor-widget elementor-widget-text-editor\" data-id=\"8c74466\" data-element_type=\"widget\" data-widget_type=\"text-editor.default\">\n<div class=\"elementor-widget-container\">\n<p>Wenn Sie mehr \u00fcber unsere anderen Produktionsmittel f\u00fcr die additive Fertigung erfahren m\u00f6chten, besuchen Sie bitte unsere <a style=\"background-color: #ffffff;\" href=\"https:\/\/www.axishello.com\/de\/materialien-und-ausfuehrungen\/maschinenpark-fuer-3d-druck\/\" target=\"_blank\" rel=\"noopener\"><br \/>\n  <b>unsere Seite, die unseren Maschinen gewidmet ist.<\/b><br \/>\n<\/a><\/p>\n<p>Ben\u00f6tigen Sie ein Angebot oder Informationen \u00fcber Rapid Prototyping?<\/p>\n<p>Fragen Sie uns nach einem <a href=\"https:\/\/www.axishello.com\/de\/kontaktieren-sie-unsere-experten\/\"><br \/>\n  <b>schnelles Angebot<\/b><br \/>\n<\/a> oder rufen Sie uns an unter <a href=\"tel:+33555061717\"><br \/>\n  <b>+33 (0)5 55 06 17 17<\/b><br \/>\n<\/a><\/p>\n<\/div>\n<\/div>\n<\/div>\n<\/div>\n<\/div>\n<\/section>\n\t\t\t\t\t\t\t\t<\/div>\n\t\t\t\t<\/div>\n\t\t\t\t<div class=\"elementor-element elementor-element-de50341 elementor-widget elementor-widget-spacer\" data-id=\"de50341\" data-element_type=\"widget\" data-widget_type=\"spacer.default\">\n\t\t\t\t<div class=\"elementor-widget-container\">\n\t\t\t\t\t\t\t<div class=\"elementor-spacer\">\n\t\t\t<div class=\"elementor-spacer-inner\"><\/div>\n\t\t<\/div>\n\t\t\t\t\t\t<\/div>\n\t\t\t\t<\/div>\n\t\t\t\t\t<\/div>\n\t\t<\/div>\n\t\t\t\t\t<\/div>\n\t\t<\/section>\n\t\t\t\t<\/div>\n\t\t","protected":false},"excerpt":{"rendered":"<p>Die Abschl\u00fcsse Endbearbeitungen f\u00fcr die schnelle Herstellung von Prototypen Zun\u00e4chst einmal wird die Endbearbeitung f\u00fcr ein Modell oder einen Prototypen nicht dieselbe sein, da die beiden Objekte f\u00fcr einen unterschiedlichen Zweck hergestellt werden: Ein Modell ist die Darstellung eines Objekts, das getestet und validiert werden soll, um m\u00f6gliche Fehler zu erkennen, aber auch um es [&hellip;]<\/p>\n","protected":false},"author":8,"featured_media":0,"parent":14771,"menu_order":2,"comment_status":"closed","ping_status":"closed","template":"elementor_canvas","meta":{"footnotes":""},"class_list":["post-14892","page","type-page","status-publish","hentry"],"_links":{"self":[{"href":"https:\/\/www.axishello.com\/de\/wp-json\/wp\/v2\/pages\/14892","targetHints":{"allow":["GET"]}}],"collection":[{"href":"https:\/\/www.axishello.com\/de\/wp-json\/wp\/v2\/pages"}],"about":[{"href":"https:\/\/www.axishello.com\/de\/wp-json\/wp\/v2\/types\/page"}],"author":[{"embeddable":true,"href":"https:\/\/www.axishello.com\/de\/wp-json\/wp\/v2\/users\/8"}],"replies":[{"embeddable":true,"href":"https:\/\/www.axishello.com\/de\/wp-json\/wp\/v2\/comments?post=14892"}],"version-history":[{"count":5,"href":"https:\/\/www.axishello.com\/de\/wp-json\/wp\/v2\/pages\/14892\/revisions"}],"predecessor-version":[{"id":20525,"href":"https:\/\/www.axishello.com\/de\/wp-json\/wp\/v2\/pages\/14892\/revisions\/20525"}],"up":[{"embeddable":true,"href":"https:\/\/www.axishello.com\/de\/wp-json\/wp\/v2\/pages\/14771"}],"wp:attachment":[{"href":"https:\/\/www.axishello.com\/de\/wp-json\/wp\/v2\/media?parent=14892"}],"curies":[{"name":"wp","href":"https:\/\/api.w.org\/{rel}","templated":true}]}}